{"id":22,"date":"2025-05-13T18:13:26","date_gmt":"2025-05-13T18:13:26","guid":{"rendered":"https:\/\/lekingduplex.com\/fr\/?page_id=22"},"modified":"2025-05-30T13:56:06","modified_gmt":"2025-05-30T13:56:06","slug":"accueil","status":"publish","type":"page","link":"https:\/\/lekingduplex.com\/fr\/","title":{"rendered":"Accueil"},"content":{"rendered":"<p>[et_pb_section fb_built=\u00a0\u00bb1&Prime; _builder_version=\u00a0\u00bb4.27.4&Prime; _module_preset=\u00a0\u00bbdefault\u00a0\u00bb background_image=\u00a0\u00bbhttps:\/\/lekingduplex.com\/fr\/wp-content\/uploads\/2025\/05\/Fond-image-pgl1920x974px.png\u00a0\u00bb min_height=\u00a0\u00bb1083px\u00a0\u00bb custom_margin=\u00a0\u00bb||-134px|||\u00a0\u00bb custom_padding=\u00a0\u00bb||30px|||\u00a0\u00bb global_colors_info=\u00a0\u00bb{}\u00a0\u00bb][et_pb_row _builder_version=\u00a0\u00bb4.27.4&Prime; _module_preset=\u00a0\u00bbdefault\u00a0\u00bb global_colors_info=\u00a0\u00bb{}\u00a0\u00bb][et_pb_column type=\u00a0\u00bb4_4&Prime; _builder_version=\u00a0\u00bb4.27.4&Prime; _module_preset=\u00a0\u00bbdefault\u00a0\u00bb global_colors_info=\u00a0\u00bb{}\u00a0\u00bb][et_pb_text _builder_version=\u00a0\u00bb4.27.4&Prime; _module_preset=\u00a0\u00bbdefault\u00a0\u00bb text_font=\u00a0\u00bbABeeZee|700|||||||\u00a0\u00bb text_text_color=\u00a0\u00bb#000000&Prime; text_font_size=\u00a0\u00bb56px\u00a0\u00bb text_orientation=\u00a0\u00bbcenter\u00a0\u00bb text_font_size_tablet=\u00a0\u00bb56px\u00a0\u00bb text_font_size_phone=\u00a0\u00bb26px\u00a0\u00bb text_font_size_last_edited=\u00a0\u00bbon|phone\u00a0\u00bb global_colors_info=\u00a0\u00bb{}\u00a0\u00bb]<\/p>\n<p>Immeubles \u00e0 revenus<\/p>\n<p>[\/et_pb_text][\/et_pb_column][\/et_pb_row][et_pb_row _builder_version=\u00a0\u00bb4.27.4&Prime; _module_preset=\u00a0\u00bbdefault\u00a0\u00bb background_color=\u00a0\u00bb#000000&Prime; width=\u00a0\u00bb79%\u00a0\u00bb module_alignment=\u00a0\u00bbcenter\u00a0\u00bb custom_padding=\u00a0\u00bb0px|0px|0px|||\u00a0\u00bb border_radii=\u00a0\u00bbon|42px|42px|42px|42px\u00a0\u00bb global_colors_info=\u00a0\u00bb{}\u00a0\u00bb][et_pb_column type=\u00a0\u00bb4_4&Prime; _builder_version=\u00a0\u00bb4.27.4&Prime; _module_preset=\u00a0\u00bbdefault\u00a0\u00bb global_colors_info=\u00a0\u00bb{}\u00a0\u00bb][et_pb_text _builder_version=\u00a0\u00bb4.27.4&Prime; _module_preset=\u00a0\u00bbdefault\u00a0\u00bb text_font=\u00a0\u00bb|700|||||||\u00a0\u00bb text_text_color=\u00a0\u00bb#FFFFFF\u00a0\u00bb text_font_size=\u00a0\u00bb28px\u00a0\u00bb background_color=\u00a0\u00bbRGBA(255,255,255,0)\u00a0\u00bb text_orientation=\u00a0\u00bbcenter\u00a0\u00bb width=\u00a0\u00bb100%\u00a0\u00bb max_width=\u00a0\u00bb100%\u00a0\u00bb module_alignment=\u00a0\u00bbcenter\u00a0\u00bb max_height=\u00a0\u00bb991px\u00a0\u00bb max_height_tablet=\u00a0\u00bb991px\u00a0\u00bb max_height_phone=\u00a0\u00bb991px\u00a0\u00bb max_height_last_edited=\u00a0\u00bbon|desktop\u00a0\u00bb custom_margin=\u00a0\u00bb|||6px|false|false\u00a0\u00bb custom_padding=\u00a0\u00bb|||7px|false|false\u00a0\u00bb text_font_tablet=\u00a0\u00bb|700|||||||\u00a0\u00bb text_font_phone=\u00a0\u00bb|700|||||||\u00a0\u00bb text_font_last_edited=\u00a0\u00bbon|desktop\u00a0\u00bb text_font_size_tablet=\u00a0\u00bb28px\u00a0\u00bb text_font_size_phone=\u00a0\u00bb23px\u00a0\u00bb text_font_size_last_edited=\u00a0\u00bbon|desktop\u00a0\u00bb global_colors_info=\u00a0\u00bb{}\u00a0\u00bb]<\/p>\n<p>&nbsp;<\/p>\n<p>Obtenez une offre d&rsquo;achat pour votre Plex dans les 30 jours.*<\/p>\n<p>&nbsp;<\/p>\n<p>[\/et_pb_text][\/et_pb_column][\/et_pb_row][et_pb_row _builder_version=\u00a0\u00bb4.27.4&Prime; _module_preset=\u00a0\u00bbdefault\u00a0\u00bb custom_padding=\u00a0\u00bb56px|||||\u00a0\u00bb global_colors_info=\u00a0\u00bb{}\u00a0\u00bb][et_pb_column type=\u00a0\u00bb4_4&Prime; _builder_version=\u00a0\u00bb4.27.4&Prime; _module_preset=\u00a0\u00bbdefault\u00a0\u00bb global_colors_info=\u00a0\u00bb{}\u00a0\u00bb][et_pb_text _builder_version=\u00a0\u00bb4.27.4&Prime; _module_preset=\u00a0\u00bbdefault\u00a0\u00bb text_font=\u00a0\u00bb|700|||||||\u00a0\u00bb text_text_color=\u00a0\u00bb#000000&Prime; text_font_size=\u00a0\u00bb54px\u00a0\u00bb text_orientation=\u00a0\u00bbcenter\u00a0\u00bb custom_margin=\u00a0\u00bb||22px|||\u00a0\u00bb text_font_size_tablet=\u00a0\u00bb35px\u00a0\u00bb text_font_size_phone=\u00a0\u00bb19px\u00a0\u00bb text_font_size_last_edited=\u00a0\u00bbon|tablet\u00a0\u00bb text_orientation_last_edited=\u00a0\u00bboff|phone\u00a0\u00bb global_colors_info=\u00a0\u00bb{}\u00a0\u00bb]<\/p>\n<p>25 ans de bonheur \u00e0 vous servir<\/p>\n<p>[\/et_pb_text][\/et_pb_column][\/et_pb_row][et_pb_row _builder_version=\u00a0\u00bb4.27.4&Prime; _module_preset=\u00a0\u00bbdefault\u00a0\u00bb background_color=\u00a0\u00bb#FFFFFF\u00a0\u00bb width=\u00a0\u00bb43%\u00a0\u00bb width_tablet=\u00a0\u00bb43%\u00a0\u00bb width_phone=\u00a0\u00bb94%\u00a0\u00bb width_last_edited=\u00a0\u00bbon|phone\u00a0\u00bb module_alignment=\u00a0\u00bbcenter\u00a0\u00bb custom_margin=\u00a0\u00bb0px||||false|false\u00a0\u00bb custom_margin_tablet=\u00a0\u00bb0px||||false|false\u00a0\u00bb custom_margin_phone=\u00a0\u00bb0px||||false|false\u00a0\u00bb custom_margin_last_edited=\u00a0\u00bbon|desktop\u00a0\u00bb custom_padding=\u00a0\u00bb0px|0px|0px||false|false\u00a0\u00bb border_radii=\u00a0\u00bbon|42px|42px|42px|42px\u00a0\u00bb global_colors_info=\u00a0\u00bb{}\u00a0\u00bb][et_pb_column type=\u00a0\u00bb4_4&Prime; _builder_version=\u00a0\u00bb4.27.4&Prime; _module_preset=\u00a0\u00bbdefault\u00a0\u00bb global_colors_info=\u00a0\u00bb{}\u00a0\u00bb][et_pb_text _builder_version=\u00a0\u00bb4.27.4&Prime; _module_preset=\u00a0\u00bbdefault\u00a0\u00bb text_font=\u00a0\u00bb|700|||||||\u00a0\u00bb text_text_color=\u00a0\u00bb#000000&Prime; text_font_size=\u00a0\u00bb28px\u00a0\u00bb background_color=\u00a0\u00bbRGBA(255,255,255,0)\u00a0\u00bb text_orientation=\u00a0\u00bbcenter\u00a0\u00bb width=\u00a0\u00bb100%\u00a0\u00bb max_width=\u00a0\u00bb100%\u00a0\u00bb module_alignment=\u00a0\u00bbcenter\u00a0\u00bb max_height=\u00a0\u00bb991px\u00a0\u00bb max_height_tablet=\u00a0\u00bb991px\u00a0\u00bb max_height_phone=\u00a0\u00bb991px\u00a0\u00bb max_height_last_edited=\u00a0\u00bbon|desktop\u00a0\u00bb custom_margin=\u00a0\u00bb-17px|-106px|-10px|6px|false|false\u00a0\u00bb custom_padding=\u00a0\u00bb0px|0px|0px|7px|false|false\u00a0\u00bb hover_enabled=\u00a0\u00bb0&Prime; text_font_tablet=\u00a0\u00bb|700|||||||\u00a0\u00bb text_font_phone=\u00a0\u00bb|700|||||||\u00a0\u00bb text_font_last_edited=\u00a0\u00bbon|phone\u00a0\u00bb text_font_size_tablet=\u00a0\u00bb28px\u00a0\u00bb text_font_size_phone=\u00a0\u00bb25px\u00a0\u00bb text_font_size_last_edited=\u00a0\u00bbon|phone\u00a0\u00bb global_colors_info=\u00a0\u00bb{}\u00a0\u00bb sticky_enabled=\u00a0\u00bb0&Prime;]&nbsp;<\/p>\n<p>D\u00e9couvrez la valeur de votre Plex en ligne<\/p>\n<p><a href=\"https:\/\/jeanclaude-jr-roussel.com\/immobilier\/demande-evaluation\/\">cliquez-ici<\/a><\/p>\n<p>Appelez au<\/p>\n<p>514 865-6632<\/p>\n<p>&nbsp;[\/et_pb_text][\/et_pb_column][\/et_pb_row][\/et_pb_section][et_pb_section fb_built=\u00a0\u00bb1&Prime; _builder_version=\u00a0\u00bb4.27.4&Prime; _module_preset=\u00a0\u00bbdefault\u00a0\u00bb background_color=\u00a0\u00bbRGBA(255,255,255,0)\u00a0\u00bb min_height=\u00a0\u00bb175.9px\u00a0\u00bb custom_margin=\u00a0\u00bb-22px||||false|false\u00a0\u00bb custom_padding=\u00a0\u00bb0px||0px||false|false\u00a0\u00bb global_colors_info=\u00a0\u00bb{}\u00a0\u00bb][et_pb_row column_structure=\u00a0\u00bb1_2,1_2&Prime; use_custom_gutter=\u00a0\u00bbon\u00a0\u00bb _builder_version=\u00a0\u00bb4.27.4&Prime; _module_preset=\u00a0\u00bbdefault\u00a0\u00bb width=\u00a0\u00bb100%\u00a0\u00bb max_width=\u00a0\u00bb1460px\u00a0\u00bb custom_margin=\u00a0\u00bb-87px||||false|false\u00a0\u00bb custom_margin_tablet=\u00a0\u00bb-87px||||false|false\u00a0\u00bb custom_margin_phone=\u00a0\u00bb-87px||||false|false\u00a0\u00bb custom_margin_last_edited=\u00a0\u00bbon|desktop\u00a0\u00bb custom_padding=\u00a0\u00bb||0px||false|false\u00a0\u00bb global_colors_info=\u00a0\u00bb{}\u00a0\u00bb][et_pb_column type=\u00a0\u00bb1_2&Prime; _builder_version=\u00a0\u00bb4.27.4&Prime; _module_preset=\u00a0\u00bbdefault\u00a0\u00bb global_colors_info=\u00a0\u00bb{}\u00a0\u00bb][et_pb_image src=\u00a0\u00bbhttps:\/\/lekingduplex.com\/fr\/wp-content\/uploads\/2025\/05\/Jean-Claude-Jr.-roussel.png\u00a0\u00bb title_text=\u00a0\u00bbJean Claude Jr. roussel\u00a0\u00bb _builder_version=\u00a0\u00bb4.27.4&Prime; _module_preset=\u00a0\u00bbdefault\u00a0\u00bb custom_margin=\u00a0\u00bb-262px|||||\u00a0\u00bb custom_padding=\u00a0\u00bb27px||0px|||\u00a0\u00bb global_colors_info=\u00a0\u00bb{}\u00a0\u00bb][\/et_pb_image][\/et_pb_column][et_pb_column type=\u00a0\u00bb1_2&Prime; _builder_version=\u00a0\u00bb4.27.4&Prime; _module_preset=\u00a0\u00bbdefault\u00a0\u00bb global_colors_info=\u00a0\u00bb{}\u00a0\u00bb][et_pb_image src=\u00a0\u00bbhttps:\/\/lekingduplex.com\/fr\/wp-content\/uploads\/2025\/05\/Logo_PGL-tr.png\u00a0\u00bb title_text=\u00a0\u00bbLogo_PGL-tr\u00a0\u00bb _builder_version=\u00a0\u00bb4.27.4&Prime; _module_preset=\u00a0\u00bbdefault\u00a0\u00bb background_color=\u00a0\u00bbRGBA(255,255,255,0)\u00a0\u00bb custom_margin=\u00a0\u00bb18px||5px|22px|false|false\u00a0\u00bb custom_padding=\u00a0\u00bb4px||||false|false\u00a0\u00bb global_colors_info=\u00a0\u00bb{}\u00a0\u00bb][\/et_pb_image][et_pb_text _builder_version=\u00a0\u00bb4.27.4&Prime; _module_preset=\u00a0\u00bbdefault\u00a0\u00bb text_font=\u00a0\u00bbABeeZee||||||||\u00a0\u00bb text_text_color=\u00a0\u00bb#000000&Prime; text_font_size=\u00a0\u00bb52px\u00a0\u00bb text_orientation=\u00a0\u00bbcenter\u00a0\u00bb custom_margin=\u00a0\u00bb||12px|||\u00a0\u00bb custom_padding=\u00a0\u00bb30px||||false|false\u00a0\u00bb text_font_size_tablet=\u00a0\u00bb52px\u00a0\u00bb text_font_size_phone=\u00a0\u00bb30px\u00a0\u00bb text_font_size_last_edited=\u00a0\u00bbon|desktop\u00a0\u00bb global_colors_info=\u00a0\u00bb{}\u00a0\u00bb]<\/p>\n<p>Jean Claude Jr. Roussel<\/p>\n<p>[\/et_pb_text][et_pb_text _builder_version=\u00a0\u00bb4.27.4&Prime; _module_preset=\u00a0\u00bbdefault\u00a0\u00bb text_font=\u00a0\u00bbABeeZee||||||||\u00a0\u00bb text_text_color=\u00a0\u00bb#000000&Prime; text_font_size=\u00a0\u00bb30px\u00a0\u00bb text_orientation=\u00a0\u00bbcenter\u00a0\u00bb custom_margin=\u00a0\u00bb||-12px|||\u00a0\u00bb custom_padding=\u00a0\u00bb0px||||false|false\u00a0\u00bb text_font_size_tablet=\u00a0\u00bb30px\u00a0\u00bb text_font_size_phone=\u00a0\u00bb30px\u00a0\u00bb text_font_size_last_edited=\u00a0\u00bbon|desktop\u00a0\u00bb global_colors_info=\u00a0\u00bb{}\u00a0\u00bb]<\/p>\n<h2>Courtier Immobilier<\/h2>\n<p>[\/et_pb_text][et_pb_text _builder_version=\u00a0\u00bb4.27.4&Prime; _module_preset=\u00a0\u00bbdefault\u00a0\u00bb text_font=\u00a0\u00bbABeeZee||||||||\u00a0\u00bb text_text_color=\u00a0\u00bb#000000&Prime; text_font_size=\u00a0\u00bb52px\u00a0\u00bb text_orientation=\u00a0\u00bbcenter\u00a0\u00bb custom_padding=\u00a0\u00bb50px||||false|false\u00a0\u00bb link_option_url=\u00a0\u00bbtel:5148656632&Prime; text_font_size_tablet=\u00a0\u00bb52px\u00a0\u00bb text_font_size_phone=\u00a0\u00bb30px\u00a0\u00bb text_font_size_last_edited=\u00a0\u00bbon|desktop\u00a0\u00bb global_colors_info=\u00a0\u00bb{}\u00a0\u00bb]<\/p>\n<p>514 865-6632<\/p>\n<p>[\/et_pb_text][\/et_pb_column][\/et_pb_row][\/et_pb_section]<\/p>\n","protected":false},"excerpt":{"rendered":"<p>Immeubles \u00e0 revenus&nbsp; Obtenez une offre d&rsquo;achat pour votre Plex dans les 30 jours.* &nbsp;25 ans de bonheur \u00e0 vous servir&nbsp; D\u00e9couvrez la valeur de votre Plex en ligne cliquez-ici Appelez au 514 865-6632 &nbsp;Jean Claude Jr. RousselCourtier Immobilier514 865-6632<\/p>\n","protected":false},"author":1,"featured_media":0,"parent":0,"menu_order":0,"comment_status":"closed","ping_status":"closed","template":"","meta":{"_et_pb_use_builder":"on","_et_pb_old_content":"","_et_gb_content_width":"","footnotes":""},"class_list":["post-22","page","type-page","status-publish","hentry"],"_links":{"self":[{"href":"https:\/\/lekingduplex.com\/fr\/index.php\/wp-json\/wp\/v2\/pages\/22","targetHints":{"allow":["GET"]}}],"collection":[{"href":"https:\/\/lekingduplex.com\/fr\/index.php\/wp-json\/wp\/v2\/pages"}],"about":[{"href":"https:\/\/lekingduplex.com\/fr\/index.php\/wp-json\/wp\/v2\/types\/page"}],"author":[{"embeddable":true,"href":"https:\/\/lekingduplex.com\/fr\/index.php\/wp-json\/wp\/v2\/users\/1"}],"replies":[{"embeddable":true,"href":"https:\/\/lekingduplex.com\/fr\/index.php\/wp-json\/wp\/v2\/comments?post=22"}],"version-history":[{"count":45,"href":"https:\/\/lekingduplex.com\/fr\/index.php\/wp-json\/wp\/v2\/pages\/22\/revisions"}],"predecessor-version":[{"id":128,"href":"https:\/\/lekingduplex.com\/fr\/index.php\/wp-json\/wp\/v2\/pages\/22\/revisions\/128"}],"wp:attachment":[{"href":"https:\/\/lekingduplex.com\/fr\/index.php\/wp-json\/wp\/v2\/media?parent=22"}],"curies":[{"name":"wp","href":"https:\/\/api.w.org\/{rel}","templated":true}]}}